{"id":1197,"date":"2019-01-29T17:09:38","date_gmt":"2019-01-29T17:09:38","guid":{"rendered":"https:\/\/www.granavida.com\/blog\/?page_id=1197"},"modified":"2019-11-21T10:00:14","modified_gmt":"2019-11-21T10:00:14","slug":"cultivo-del-granado","status":"publish","type":"page","link":"https:\/\/www.granavida.com\/blog\/cultivo-del-granado\/","title":{"rendered":"CULTIVO DEL GRANADO"},"content":{"rendered":"\t\t<div data-elementor-type=\"wp-post\" data-elementor-id=\"1197\" class=\"elementor elementor-1197\" data-elementor-post-type=\"page\">\n\t\t\t\t\t\t<section class=\"elementor-section elementor-top-section elementor-element elementor-element-b32ce14 elementor-section-boxed elementor-section-height-default elementor-section-height-default\" data-id=\"b32ce14\" data-element_type=\"section\" data-e-type=\"section\">\n\t\t\t\t\t\t<div class=\"elementor-container elementor-column-gap-default\">\n\t\t\t\t\t<div class=\"elementor-column elementor-col-100 elementor-top-column elementor-element elementor-element-2b1a005\" data-id=\"2b1a005\" data-element_type=\"column\" data-e-type=\"column\">\n\t\t\t<div class=\"elementor-widget-wrap\">\n\t\t\t\t\t\t\t<\/div>\n\t\t<\/div>\n\t\t\t\t\t<\/div>\n\t\t<\/section>\n\t\t\t\t<section class=\"elementor-section elementor-top-section elementor-element elementor-element-d4b5724 elementor-section-boxed elementor-section-height-default elementor-section-height-default\" data-id=\"d4b5724\" data-element_type=\"section\" data-e-type=\"section\">\n\t\t\t\t\t\t<div class=\"elementor-container elementor-column-gap-default\">\n\t\t\t\t\t<div class=\"elementor-column elementor-col-100 elementor-top-column elementor-element elementor-element-51ed08e\" data-id=\"51ed08e\" data-element_type=\"column\" data-e-type=\"column\">\n\t\t\t<div class=\"elementor-widget-wrap elementor-element-populated\">\n\t\t\t\t\t\t<div class=\"elementor-element elementor-element-43be38d elementor-widget elementor-widget-spacer\" data-id=\"43be38d\" data-element_type=\"widget\" data-e-type=\"widget\" data-widget_type=\"spacer.default\">\n\t\t\t\t<div class=\"elementor-widget-container\">\n\t\t\t\t\t\t\t<div class=\"elementor-spacer\">\n\t\t\t<div class=\"elementor-spacer-inner\"><\/div>\n\t\t<\/div>\n\t\t\t\t\t\t<\/div>\n\t\t\t\t<\/div>\n\t\t\t\t<div class=\"elementor-element elementor-element-591177b elementor-widget elementor-widget-heading\" data-id=\"591177b\" data-element_type=\"widget\" data-e-type=\"widget\" data-widget_type=\"heading.default\">\n\t\t\t\t<div class=\"elementor-widget-container\">\n\t\t\t\t\t<h1 class=\"elementor-heading-title elementor-size-default\">El cultivo del granado<\/h1>\t\t\t\t<\/div>\n\t\t\t\t<\/div>\n\t\t\t\t\t<\/div>\n\t\t<\/div>\n\t\t\t\t\t<\/div>\n\t\t<\/section>\n\t\t\t\t<section class=\"elementor-section elementor-top-section elementor-element elementor-element-7693894 elementor-section-boxed elementor-section-height-default elementor-section-height-default\" data-id=\"7693894\" data-element_type=\"section\" data-e-type=\"section\">\n\t\t\t\t\t\t<div class=\"elementor-container elementor-column-gap-default\">\n\t\t\t\t\t<div class=\"elementor-column elementor-col-100 elementor-top-column elementor-element elementor-element-d7eaf18\" data-id=\"d7eaf18\" data-element_type=\"column\" data-e-type=\"column\">\n\t\t\t<div class=\"elementor-widget-wrap elementor-element-populated\">\n\t\t\t\t\t\t<div class=\"elementor-element elementor-element-b84efc3 elementor-widget elementor-widget-heading\" data-id=\"b84efc3\" data-element_type=\"widget\" data-e-type=\"widget\" data-widget_type=\"heading.default\">\n\t\t\t\t<div class=\"elementor-widget-container\">\n\t\t\t\t\t<h2 class=\"elementor-heading-title elementor-size-default\">Introducci\u00f3n <\/h2>\t\t\t\t<\/div>\n\t\t\t\t<\/div>\n\t\t\t\t<div class=\"elementor-element elementor-element-bc58251 elementor-widget elementor-widget-text-editor\" data-id=\"bc58251\" data-element_type=\"widget\" data-e-type=\"widget\" data-widget_type=\"text-editor.default\">\n\t\t\t\t<div class=\"elementor-widget-container\">\n\t\t\t\t\t\t\t\t\t<p style=\"text-align: left;\"><span style=\"color: #000000;\">El granado es conocido desde muy antiguo, su cultivo se ha realizado tradicionalmente\u00a0<\/span><span style=\"color: #000000;\">en la zona de Oriente pr\u00f3ximo, extendi\u00e9ndose por el resto de Asia y el Mediterr\u00e1neo. Actualmente, ya extendido por los cinco continentes, presenta unas excepcionales expectativas\u00a0<\/span><span style=\"color: #000000;\">de cultivo debido a su rentabilidad y a la posibilidad de cultivo en zonas \u00e1ridas y con menores requerimientos h\u00eddricos que otros cultivos, siendo capaz de vegetar y producir en condiciones en las que otros frutales m\u00e1s importantes no lo har\u00edan de manera rentable. El conocimiento del material vegetal y la selecci\u00f3n de nuevos individuos capaces de dar abundantes\u00a0<\/span><span style=\"color: #000000;\">cosechas y frutos de calidad, unido al descubrimiento de sus numerosas propiedades alimenticias, farmacol\u00f3gicas, funcionales y cosm\u00e9ticas, ha hecho que este frutal sea cada d\u00eda\u00a0<\/span><span style=\"color: #000000;\">m\u00e1s demandado por los consumidores, lo que est\u00e1 provocando, junto a todo lo expuesto<\/span><br \/><span style=\"color: #000000;\">anteriormente,un incremento muy considerable de las plantaciones de la especie en todos\u00a0<\/span><span style=\"color: #000000;\">los pa\u00edses en los que es posible su cultivo.<\/span><\/p><h2><span style=\"color: #67bd45;\"> Origen, bot\u00e1nica y biodiversidad<\/span><\/h2><h3><span style=\"color: #000000;\">\u00a0<span style=\"color: #c21238;\">Origen<\/span><\/span><\/h3><p><span style=\"color: #000000;\">El granado es un frutal cuyo cultivo se conoce desde la antig\u00fcedad, es uno de los frutales b\u00edblicos, como la vid, el olivo o la palmera (tambi\u00e9n citado en el Cor\u00e1n). El cient\u00edfico<\/span><br \/><span style=\"color: #000000;\">ruso Vavilov sit\u00faa su origen en el Centro IV, Centro de Oriente Pr\u00f3ximo, que incluye el interior de Asia Menor, la Transcaucasia, el Ir\u00e1n y las tierras altas de Turkmenist\u00e1n, centro al<\/span><br \/><span style=\"color: #000000;\">que tambi\u00e9n pertenecen otros frutales como la higuera, manzano, peral, membrillero, cerezo, almendro, avellano, casta\u00f1o, etc., entre otras especies vegetales (S\u00e1nchez-Monge, 1974).<\/span><br \/><span style=\"color: #000000;\">Su cultivo se extendi\u00f3 desde esta zona al resto de pa\u00edses del \u00e1rea mediterr\u00e1nea, India y China. Los espa\u00f1oles lo llevaron a Am\u00e9rica, y aqu\u00ed est\u00e1 adquiriendo gran importancia, especialmente durante los \u00faltimos 15 a\u00f1os, con crecimientos continuos de la superficie cultivada.<\/span><\/p><p><span style=\"color: #000000;\">\u00a0<\/span><\/p><h3><span style=\"color: #c21238;\">Bot\u00e1nica<\/span><\/h3><p><span style=\"color: #000000;\">El granado, Punica granatum L pertenece a la familia Punicaceae, que s\u00f3lo posee el g\u00e9nero Punica L. (Font Quer, 1959). De este g\u00e9nero las dos especies m\u00e1s conocidas son:<\/span><br \/><span style=\"color: #000000;\">Punica granatum L.: granado cultivado por sus frutos.<\/span><br \/><span style=\"color: #000000;\">Punica nana L.: granado enano, de uso ornamental y frutos no comestibles. En ocasiones esta especie es considerada una variedad de P. granatum, denomin\u00e1ndose como P. granatum var. nana L.<\/span><br \/><span style=\"color: #000000;\">Otros autores (Zukvskij, 1950; Moriguchi et al., 1987; Guarino et al., 1990) indican que<\/span><br \/><span style=\"color: #000000;\">el g\u00e9nero Punica incluye dos especies: P. protopunica (end\u00e9mico en la isla de Socotra (Yemen) y P. granatum (Mars, 1998), presumi\u00e9ndose que la primera est\u00e1 implicada en el origen<\/span><br \/><span style=\"color: #000000;\">del granado cultivado (P. granatum L.).<\/span><br \/><span style=\"color: #000000;\">Punica granatum L. es una especie diploide cuyo n\u00famero som\u00e1tico es 2n = 16 y su n\u00famero haploide de cromosomas es n=8 (Westwood, 1982) \u00f3 2n = 16 \u00f3 18 (Mars, 1998).<\/span><\/p><h3><span style=\"color: #c21238;\">Biodiversidad<\/span><\/h3><p><span style=\"color: #000000;\">El granado es un frutal cultivado desde la antig\u00fcedad y, como se ha indicado su Centro<\/span><br \/><span style=\"color: #000000;\">de Origen se encuentra en Oriente Pr\u00f3ximo (Centro IV de Vavilov) (Fig. 1). Desde aqu\u00ed se difundi\u00f3 a diferentes zonas donde se cultiva y en las que existe gran diversidad gen\u00e9tica<\/span><br \/><span style=\"color: #000000;\">como consecuencia de su propagaci\u00f3n por semillas, que germinan con gran facilidad o son<\/span><br \/><span style=\"color: #000000;\">difundidas por aves y otros animales.<\/span><br \/><span style=\"color: #000000;\">La gran diversidad que presenta la especie queda patente por el gran n\u00famero de variedades descritas en los diferentes pa\u00edses de Oriente, \u00e1rea mediterr\u00e1nea y occidente. As\u00ed en Espa\u00f1a se dispone del principal banco de germoplasma de Europa con m\u00e1s de 104 accesiones,<\/span><br \/><span style=\"color: #000000;\">y en otros pa\u00edses como India, Turkmenist\u00e1n, Ir\u00e1n, etc. tambi\u00e9n existen grandes colecciones,<\/span><br \/><span style=\"color: #000000;\">como la existente en Ir\u00e1n (principal productor mundial) con m\u00e1s de 760 accesiones o en<\/span><br \/><span style=\"color: #000000;\">Turkmenist\u00e1n, cuya Estaci\u00f3n Experimental de Recursos Gen\u00e9ticos de Plantas, creada en<\/span><br \/><span style=\"color: #000000;\">1934, cuenta con 1117 accesiones (Mars, 1988)<\/span><\/p>\t\t\t\t\t\t\t\t<\/div>\n\t\t\t\t<\/div>\n\t\t\t\t\t<\/div>\n\t\t<\/div>\n\t\t\t\t\t<\/div>\n\t\t<\/section>\n\t\t\t\t<\/div>\n\t\t","protected":false},"excerpt":{"rendered":"<p>Inicio El Granado El Cultivo del granado | Superficie y producci\u00f3n Cultivo Riego Calculo instalaci\u00f3n de riego Manuales Plagas El cultivo del granado Introducci\u00f3n El granado es conocido desde muy antiguo, su cultivo se ha realizado tradicionalmente&nbsp;en la zona de Oriente pr\u00f3ximo, extendi\u00e9ndose por el resto de Asia y el Mediterr\u00e1neo. Actualmente, ya extendido por &#8230; <a title=\"CULTIVO DEL GRANADO\" class=\"read-more\" href=\"https:\/\/www.granavida.com\/blog\/cultivo-del-granado\/\" aria-label=\"Leer m\u00e1s sobre CULTIVO DEL GRANADO\">Leer Mas<\/a><\/p>\n","protected":false},"author":1,"featured_media":0,"parent":0,"menu_order":0,"comment_status":"closed","ping_status":"closed","template":"elementor_canvas","meta":{"footnotes":""},"class_list":["post-1197","page","type-page","status-publish"],"acf":[],"yoast_head":"<!-- This site is optimized with the Yoast SEO Premium plugin v27.2 (Yoast SEO v27.2) - https:\/\/yoast.com\/product\/yoast-seo-premium-wordpress\/ -->\n<title>CULTIVO DEL GRANADO | Blog de Granavida\u00ae<\/title>\n<meta name=\"robots\" content=\"index, follow, max-snippet:-1, max-image-preview:large, max-video-preview:-1\" \/>\n<link rel=\"canonical\" href=\"https:\/\/www.granavida.com\/blog\/cultivo-del-granado\/\" \/>\n<meta property=\"og:locale\" content=\"es_ES\" \/>\n<meta property=\"og:type\" content=\"article\" \/>\n<meta property=\"og:title\" content=\"CULTIVO DEL GRANADO\" \/>\n<meta property=\"og:description\" content=\"Inicio El Granado El Cultivo del granado | Superficie y producci\u00f3n Cultivo Riego Calculo instalaci\u00f3n de riego Manuales Plagas El cultivo del granado Introducci\u00f3n El granado es conocido desde muy antiguo, su cultivo se ha realizado tradicionalmente&nbsp;en la zona de Oriente pr\u00f3ximo, extendi\u00e9ndose por el resto de Asia y el Mediterr\u00e1neo. Actualmente, ya extendido por ... Leer Mas\" \/>\n<meta property=\"og:url\" content=\"https:\/\/www.granavida.com\/blog\/cultivo-del-granado\/\" \/>\n<meta property=\"og:site_name\" content=\"Blog de Granavida\u00ae\" \/>\n<meta property=\"article:publisher\" content=\"https:\/\/www.facebook.com\/granavida\/\" \/>\n<meta property=\"article:modified_time\" content=\"2019-11-21T10:00:14+00:00\" \/>\n<meta name=\"twitter:card\" content=\"summary_large_image\" \/>\n<meta name=\"twitter:site\" content=\"@GRANAVIDA\" \/>\n<meta name=\"twitter:label1\" content=\"Tiempo de lectura\" \/>\n\t<meta name=\"twitter:data1\" content=\"3 minutos\" \/>\n<script type=\"application\/ld+json\" class=\"yoast-schema-graph\">{\"@context\":\"https:\/\/schema.org\",\"@graph\":[{\"@type\":\"WebPage\",\"@id\":\"https:\/\/www.granavida.com\/blog\/cultivo-del-granado\/\",\"url\":\"https:\/\/www.granavida.com\/blog\/cultivo-del-granado\/\",\"name\":\"CULTIVO DEL GRANADO | Blog de Granavida\u00ae\",\"isPartOf\":{\"@id\":\"https:\/\/www.granavida.com\/blog\/#website\"},\"datePublished\":\"2019-01-29T17:09:38+00:00\",\"dateModified\":\"2019-11-21T10:00:14+00:00\",\"breadcrumb\":{\"@id\":\"https:\/\/www.granavida.com\/blog\/cultivo-del-granado\/#breadcrumb\"},\"inLanguage\":\"es\",\"potentialAction\":[{\"@type\":\"ReadAction\",\"target\":[\"https:\/\/www.granavida.com\/blog\/cultivo-del-granado\/\"]}]},{\"@type\":\"BreadcrumbList\",\"@id\":\"https:\/\/www.granavida.com\/blog\/cultivo-del-granado\/#breadcrumb\",\"itemListElement\":[{\"@type\":\"ListItem\",\"position\":1,\"name\":\"Portada\",\"item\":\"https:\/\/www.granavida.com\/blog\/\"},{\"@type\":\"ListItem\",\"position\":2,\"name\":\"CULTIVO DEL GRANADO\"}]},{\"@type\":\"WebSite\",\"@id\":\"https:\/\/www.granavida.com\/blog\/#website\",\"url\":\"https:\/\/www.granavida.com\/blog\/\",\"name\":\"Zumo de granada Granavida\u00ae\",\"description\":\"Productos elaborados con granadas mollar de elche\",\"publisher\":{\"@id\":\"https:\/\/www.granavida.com\/blog\/#organization\"},\"potentialAction\":[{\"@type\":\"SearchAction\",\"target\":{\"@type\":\"EntryPoint\",\"urlTemplate\":\"https:\/\/www.granavida.com\/blog\/?s={search_term_string}\"},\"query-input\":{\"@type\":\"PropertyValueSpecification\",\"valueRequired\":true,\"valueName\":\"search_term_string\"}}],\"inLanguage\":\"es\"},{\"@type\":\"Organization\",\"@id\":\"https:\/\/www.granavida.com\/blog\/#organization\",\"name\":\"Granavida\u00ae\",\"url\":\"https:\/\/www.granavida.com\/blog\/\",\"logo\":{\"@type\":\"ImageObject\",\"inLanguage\":\"es\",\"@id\":\"https:\/\/www.granavida.com\/blog\/#\/schema\/logo\/image\/\",\"url\":\"https:\/\/www.granavida.com\/blog\/wp-content\/uploads\/2019\/06\/logo-nuevo-tienda.jpg\",\"contentUrl\":\"https:\/\/www.granavida.com\/blog\/wp-content\/uploads\/2019\/06\/logo-nuevo-tienda.jpg\",\"width\":300,\"height\":100,\"caption\":\"Granavida\u00ae\"},\"image\":{\"@id\":\"https:\/\/www.granavida.com\/blog\/#\/schema\/logo\/image\/\"},\"sameAs\":[\"https:\/\/www.facebook.com\/granavida\/\",\"https:\/\/x.com\/GRANAVIDA\"]}]}<\/script>\n<!-- \/ Yoast SEO Premium plugin. -->","yoast_head_json":{"title":"CULTIVO DEL GRANADO | Blog de Granavida\u00ae","robots":{"index":"index","follow":"follow","max-snippet":"max-snippet:-1","max-image-preview":"max-image-preview:large","max-video-preview":"max-video-preview:-1"},"canonical":"https:\/\/www.granavida.com\/blog\/cultivo-del-granado\/","og_locale":"es_ES","og_type":"article","og_title":"CULTIVO DEL GRANADO","og_description":"Inicio El Granado El Cultivo del granado | Superficie y producci\u00f3n Cultivo Riego Calculo instalaci\u00f3n de riego Manuales Plagas El cultivo del granado Introducci\u00f3n El granado es conocido desde muy antiguo, su cultivo se ha realizado tradicionalmente&nbsp;en la zona de Oriente pr\u00f3ximo, extendi\u00e9ndose por el resto de Asia y el Mediterr\u00e1neo. Actualmente, ya extendido por ... Leer Mas","og_url":"https:\/\/www.granavida.com\/blog\/cultivo-del-granado\/","og_site_name":"Blog de Granavida\u00ae","article_publisher":"https:\/\/www.facebook.com\/granavida\/","article_modified_time":"2019-11-21T10:00:14+00:00","twitter_card":"summary_large_image","twitter_site":"@GRANAVIDA","twitter_misc":{"Tiempo de lectura":"3 minutos"},"schema":{"@context":"https:\/\/schema.org","@graph":[{"@type":"WebPage","@id":"https:\/\/www.granavida.com\/blog\/cultivo-del-granado\/","url":"https:\/\/www.granavida.com\/blog\/cultivo-del-granado\/","name":"CULTIVO DEL GRANADO | Blog de Granavida\u00ae","isPartOf":{"@id":"https:\/\/www.granavida.com\/blog\/#website"},"datePublished":"2019-01-29T17:09:38+00:00","dateModified":"2019-11-21T10:00:14+00:00","breadcrumb":{"@id":"https:\/\/www.granavida.com\/blog\/cultivo-del-granado\/#breadcrumb"},"inLanguage":"es","potentialAction":[{"@type":"ReadAction","target":["https:\/\/www.granavida.com\/blog\/cultivo-del-granado\/"]}]},{"@type":"BreadcrumbList","@id":"https:\/\/www.granavida.com\/blog\/cultivo-del-granado\/#breadcrumb","itemListElement":[{"@type":"ListItem","position":1,"name":"Portada","item":"https:\/\/www.granavida.com\/blog\/"},{"@type":"ListItem","position":2,"name":"CULTIVO DEL GRANADO"}]},{"@type":"WebSite","@id":"https:\/\/www.granavida.com\/blog\/#website","url":"https:\/\/www.granavida.com\/blog\/","name":"Zumo de granada Granavida\u00ae","description":"Productos elaborados con granadas mollar de elche","publisher":{"@id":"https:\/\/www.granavida.com\/blog\/#organization"},"potentialAction":[{"@type":"SearchAction","target":{"@type":"EntryPoint","urlTemplate":"https:\/\/www.granavida.com\/blog\/?s={search_term_string}"},"query-input":{"@type":"PropertyValueSpecification","valueRequired":true,"valueName":"search_term_string"}}],"inLanguage":"es"},{"@type":"Organization","@id":"https:\/\/www.granavida.com\/blog\/#organization","name":"Granavida\u00ae","url":"https:\/\/www.granavida.com\/blog\/","logo":{"@type":"ImageObject","inLanguage":"es","@id":"https:\/\/www.granavida.com\/blog\/#\/schema\/logo\/image\/","url":"https:\/\/www.granavida.com\/blog\/wp-content\/uploads\/2019\/06\/logo-nuevo-tienda.jpg","contentUrl":"https:\/\/www.granavida.com\/blog\/wp-content\/uploads\/2019\/06\/logo-nuevo-tienda.jpg","width":300,"height":100,"caption":"Granavida\u00ae"},"image":{"@id":"https:\/\/www.granavida.com\/blog\/#\/schema\/logo\/image\/"},"sameAs":["https:\/\/www.facebook.com\/granavida\/","https:\/\/x.com\/GRANAVIDA"]}]}},"_links":{"self":[{"href":"https:\/\/www.granavida.com\/blog\/wp-json\/wp\/v2\/pages\/1197","targetHints":{"allow":["GET"]}}],"collection":[{"href":"https:\/\/www.granavida.com\/blog\/wp-json\/wp\/v2\/pages"}],"about":[{"href":"https:\/\/www.granavida.com\/blog\/wp-json\/wp\/v2\/types\/page"}],"author":[{"embeddable":true,"href":"https:\/\/www.granavida.com\/blog\/wp-json\/wp\/v2\/users\/1"}],"replies":[{"embeddable":true,"href":"https:\/\/www.granavida.com\/blog\/wp-json\/wp\/v2\/comments?post=1197"}],"version-history":[{"count":0,"href":"https:\/\/www.granavida.com\/blog\/wp-json\/wp\/v2\/pages\/1197\/revisions"}],"wp:attachment":[{"href":"https:\/\/www.granavida.com\/blog\/wp-json\/wp\/v2\/media?parent=1197"}],"curies":[{"name":"wp","href":"https:\/\/api.w.org\/{rel}","templated":true}]}}